{"id":19,"date":"2022-07-24T05:51:17","date_gmt":"2022-07-24T05:51:17","guid":{"rendered":"https:\/\/michaelravin.com\/home\/"},"modified":"2023-04-03T01:58:53","modified_gmt":"2023-04-03T05:58:53","slug":"home","status":"publish","type":"page","link":"https:\/\/michaelravin.com\/","title":{"rendered":"Connexion"},"content":{"rendered":"\t\t<div data-elementor-type=\"wp-page\" data-elementor-id=\"19\" class=\"elementor elementor-19\">\n\t\t\t\t\t\t\t\t\t<main class=\"elementor-section elementor-top-section elementor-element elementor-element-adfdb40 elementor-section-content-middle elementor-section-full_width elementor-section-stretched elementor-hidden-tablet elementor-hidden-mobile elementor-section-height-default elementor-section-height-default\" data-id=\"adfdb40\" data-element_type=\"section\" data-settings=\"{&quot;background_background&quot;:&quot;classic&quot;,&quot;stretch_section&quot;:&quot;section-stretched&quot;}\">\n\t\t\t\t\t\t\t<div class=\"elementor-background-overlay\"><\/div>\n\t\t\t\t\t\t\t<div class=\"elementor-container elementor-column-gap-no\">\n\t\t\t\t\t<main class=\"elementor-column elementor-col-33 elementor-top-column elementor-element elementor-element-2b5a0ad\" data-id=\"2b5a0ad\" data-element_type=\"column\" data-settings=\"{&quot;background_background&quot;:&quot;classic&quot;}\">\n\t\t\t<div class=\"elementor-widget-wrap\">\n\t\t\t\t\t\t\t\t\t<\/div>\n\t\t<\/main>\n\t\t\t\t<main class=\"elementor-column elementor-col-33 elementor-top-column elementor-element elementor-element-484a899\" data-id=\"484a899\" data-element_type=\"column\">\n\t\t\t<div class=\"elementor-widget-wrap elementor-element-populated\">\n\t\t\t\t\t\t\t\t<div class=\"elementor-element elementor-element-d962875 elementor-widget__width-inherit elementor-widget elementor-widget-image\" data-id=\"d962875\" data-element_type=\"widget\" data-widget_type=\"image.default\">\n\t\t\t\t<div class=\"elementor-widget-container\">\n\t\t\t<style>\/*! elementor - v3.13.3 - 22-05-2023 *\/\n.elementor-widget-image{text-align:center}.elementor-widget-image a{display:inline-block}.elementor-widget-image a img[src$=\".svg\"]{width:48px}.elementor-widget-image img{vertical-align:middle;display:inline-block}<\/style>\t\t\t\t\t\t\t\t\t\t\t\t<img decoding=\"async\" width=\"1024\" height=\"441\" src=\"https:\/\/michaelravin.com\/wp-content\/uploads\/2022\/07\/BIENTOT_MR_ROUGE-1024x441.png\" class=\"attachment-large size-large wp-image-83\" alt=\"\" loading=\"lazy\" srcset=\"https:\/\/michaelravin.com\/wp-content\/uploads\/2022\/07\/BIENTOT_MR_ROUGE-1024x441.png 1024w, https:\/\/michaelravin.com\/wp-content\/uploads\/2022\/07\/BIENTOT_MR_ROUGE-300x129.png 300w, https:\/\/michaelravin.com\/wp-content\/uploads\/2022\/07\/BIENTOT_MR_ROUGE-768x331.png 768w, https:\/\/michaelravin.com\/wp-content\/uploads\/2022\/07\/BIENTOT_MR_ROUGE-1200x518.png 1200w, https:\/\/michaelravin.com\/wp-content\/uploads\/2022\/07\/BIENTOT_MR_ROUGE.png 1203w\" sizes=\"(max-width: 1024px) 100vw, 1024px\" \/>\t\t\t\t\t\t\t\t\t\t\t\t\t\t\t<\/div>\n\t\t\t\t<\/div>\n\t\t\t\t<div class=\"elementor-element elementor-element-7b5e2a3 elementor-button-align-center elementor-widget__width-inherit elementor-widget elementor-widget-login\" data-id=\"7b5e2a3\" data-element_type=\"widget\" data-widget_type=\"login.default\">\n\t\t\t\t<div class=\"elementor-widget-container\">\n\t\t\t<style>\/*! elementor-pro - v3.13.1 - 11-05-2023 *\/\n.elementor-button.elementor-hidden,.elementor-hidden{display:none}.e-form__step{width:100%}.e-form__step:not(.elementor-hidden){display:flex;flex-wrap:wrap}.e-form__buttons{flex-wrap:wrap}.e-form__buttons,.e-form__buttons__wrapper{display:flex}.e-form__indicators{display:flex;justify-content:space-between;align-items:center;flex-wrap:nowrap;font-size:13px;margin-bottom:var(--e-form-steps-indicators-spacing)}.e-form__indicators__indicator{display:flex;flex-direction:column;align-items:center;justify-content:center;flex-basis:0;padding:0 var(--e-form-steps-divider-gap)}.e-form__indicators__indicator__progress{width:100%;position:relative;background-color:var(--e-form-steps-indicator-progress-background-color);border-radius:var(--e-form-steps-indicator-progress-border-radius);overflow:hidden}.e-form__indicators__indicator__progress__meter{width:var(--e-form-steps-indicator-progress-meter-width,0);height:var(--e-form-steps-indicator-progress-height);line-height:var(--e-form-steps-indicator-progress-height);padding-right:15px;border-radius:var(--e-form-steps-indicator-progress-border-radius);background-color:var(--e-form-steps-indicator-progress-color);color:var(--e-form-steps-indicator-progress-meter-color);text-align:right;transition:width .1s linear}.e-form__indicators__indicator:first-child{padding-left:0}.e-form__indicators__indicator:last-child{padding-right:0}.e-form__indicators__indicator--state-inactive{color:var(--e-form-steps-indicator-inactive-primary-color,#c2cbd2)}.e-form__indicators__indicator--state-inactive [class*=indicator--shape-]:not(.e-form__indicators__indicator--shape-none){background-color:var(--e-form-steps-indicator-inactive-secondary-color,#fff)}.e-form__indicators__indicator--state-inactive object,.e-form__indicators__indicator--state-inactive svg{fill:var(--e-form-steps-indicator-inactive-primary-color,#c2cbd2)}.e-form__indicators__indicator--state-active{color:var(--e-form-steps-indicator-active-primary-color,#39b54a);border-color:var(--e-form-steps-indicator-active-secondary-color,#fff)}.e-form__indicators__indicator--state-active [class*=indicator--shape-]:not(.e-form__indicators__indicator--shape-none){background-color:var(--e-form-steps-indicator-active-secondary-color,#fff)}.e-form__indicators__indicator--state-active object,.e-form__indicators__indicator--state-active svg{fill:var(--e-form-steps-indicator-active-primary-color,#39b54a)}.e-form__indicators__indicator--state-completed{color:var(--e-form-steps-indicator-completed-secondary-color,#fff)}.e-form__indicators__indicator--state-completed [class*=indicator--shape-]:not(.e-form__indicators__indicator--shape-none){background-color:var(--e-form-steps-indicator-completed-primary-color,#39b54a)}.e-form__indicators__indicator--state-completed .e-form__indicators__indicator__label{color:var(--e-form-steps-indicator-completed-primary-color,#39b54a)}.e-form__indicators__indicator--state-completed .e-form__indicators__indicator--shape-none{color:var(--e-form-steps-indicator-completed-primary-color,#39b54a);background-color:initial}.e-form__indicators__indicator--state-completed object,.e-form__indicators__indicator--state-completed svg{fill:var(--e-form-steps-indicator-completed-secondary-color,#fff)}.e-form__indicators__indicator__icon{width:var(--e-form-steps-indicator-padding,30px);height:var(--e-form-steps-indicator-padding,30px);font-size:var(--e-form-steps-indicator-icon-size);border-width:1px;border-style:solid;display:flex;justify-content:center;align-items:center;overflow:hidden;margin-bottom:10px}.e-form__indicators__indicator__icon img,.e-form__indicators__indicator__icon object,.e-form__indicators__indicator__icon svg{width:var(--e-form-steps-indicator-icon-size);height:auto}.e-form__indicators__indicator__icon .e-font-icon-svg{height:1em}.e-form__indicators__indicator__number{width:var(--e-form-steps-indicator-padding,30px);height:var(--e-form-steps-indicator-padding,30px);border-width:1px;border-style:solid;display:flex;justify-content:center;align-items:center;margin-bottom:10px}.e-form__indicators__indicator--shape-circle{border-radius:50%}.e-form__indicators__indicator--shape-square{border-radius:0}.e-form__indicators__indicator--shape-rounded{border-radius:5px}.e-form__indicators__indicator--shape-none{border:0}.e-form__indicators__indicator__label{text-align:center}.e-form__indicators__indicator__separator{width:100%;height:var(--e-form-steps-divider-width);background-color:#babfc5}.e-form__indicators--type-icon,.e-form__indicators--type-icon_text,.e-form__indicators--type-number,.e-form__indicators--type-number_text{align-items:flex-start}.e-form__indicators--type-icon .e-form__indicators__indicator__separator,.e-form__indicators--type-icon_text .e-form__indicators__indicator__separator,.e-form__indicators--type-number .e-form__indicators__indicator__separator,.e-form__indicators--type-number_text .e-form__indicators__indicator__separator{margin-top:calc(var(--e-form-steps-indicator-padding, 30px) \/ 2 - var(--e-form-steps-divider-width, 1px) \/ 2)}.elementor-field-type-hidden{display:none}.elementor-field-type-html{display:inline-block}.elementor-login .elementor-lost-password,.elementor-login .elementor-remember-me{font-size:.85em}.elementor-field-type-recaptcha_v3 .elementor-field-label{display:none}.elementor-field-type-recaptcha_v3 .grecaptcha-badge{z-index:1}.elementor-button .elementor-form-spinner{order:3}.elementor-form .elementor-button>span{display:flex;justify-content:center;align-items:center}.elementor-form .elementor-button .elementor-button-text{white-space:normal;flex-grow:0}.elementor-form .elementor-button svg{height:auto}.elementor-form .elementor-button .e-font-icon-svg{height:1em}.elementor-select-wrapper .select-caret-down-wrapper{position:absolute;top:50%;transform:translateY(-50%);inset-inline-end:10px;pointer-events:none;font-size:11px}.elementor-select-wrapper .select-caret-down-wrapper svg{display:unset;width:1em;aspect-ratio:unset;fill:currentColor}.elementor-select-wrapper .select-caret-down-wrapper i{font-size:19px;line-height:2}.elementor-select-wrapper.remove-before:before{content:\"\"!important}<\/style>\t\t<form class=\"elementor-login elementor-form\" method=\"post\" action=\"https:\/\/michaelravin.com\/wp-login.php\">\n\t\t\t<input type=\"hidden\" name=\"redirect_to\" value=\"https:\/\/michaelravin.com\/?page_id=4363\">\n\t\t\t<div class=\"elementor-form-fields-wrapper\">\n\t\t\t\t<div class=\"elementor-field-type-text elementor-field-group elementor-column elementor-col-100 elementor-field-required\">\n\t\t\t\t\t\t\t\t\t\t<input size=\"1\" type=\"text\" name=\"log\" id=\"user\" placeholder=\"E-mail \" class=\"elementor-field elementor-field-textual elementor-size-sm\">\n\t\t\t\t<\/div>\n\t\t\t\t<div class=\"elementor-field-type-text elementor-field-group elementor-column elementor-col-100 elementor-field-required\">\n\t\t\t\t\t\t\t\t\t\t<input size=\"1\" type=\"password\" name=\"pwd\" id=\"password\" placeholder=\"Mot de Passe\" class=\"elementor-field elementor-field-textual elementor-size-sm\">\n\t\t\t\t<\/div>\n\n\t\t\t\t\n\t\t\t\t<div class=\"elementor-field-group elementor-column elementor-field-type-submit elementor-col-100\">\n\t\t\t\t\t<button type=\"submit\" class=\"elementor-size-sm elementor-button\" name=\"wp-submit\">\n\t\t\t\t\t\t\t\t\t\t\t\t\t\t\t<span class=\"elementor-button-text\">ENTRER<\/span>\n\t\t\t\t\t\t\t\t\t\t\t\t<\/button>\n\t\t\t\t<\/div>\n\n\t\t\t\t\t\t\t<\/div>\n\t\t<\/form>\n\t\t\t\t<\/div>\n\t\t\t\t<\/div>\n\t\t\t\t\t<\/div>\n\t\t<\/main>\n\t\t\t\t<div class=\"elementor-column elementor-col-33 elementor-top-column elementor-element elementor-element-c93b5df\" data-id=\"c93b5df\" data-element_type=\"column\">\n\t\t\t<div class=\"elementor-widget-wrap\">\n\t\t\t\t\t\t\t\t\t<\/div>\n\t\t<\/div>\n\t\t\t\t\t\t\t<\/div>\n\t\t<\/main>\n\t\t\t\t<main class=\"elementor-section elementor-top-section elementor-element elementor-element-36bef04 elementor-section-content-middle elementor-section-full_width elementor-section-stretched elementor-hidden-desktop elementor-section-height-default elementor-section-height-default\" data-id=\"36bef04\" data-element_type=\"section\" data-settings=\"{&quot;background_background&quot;:&quot;classic&quot;,&quot;stretch_section&quot;:&quot;section-stretched&quot;}\">\n\t\t\t\t\t\t\t<div class=\"elementor-background-overlay\"><\/div>\n\t\t\t\t\t\t\t<div class=\"elementor-container elementor-column-gap-no\">\n\t\t\t\t\t<main class=\"elementor-column elementor-col-33 elementor-top-column elementor-element elementor-element-4acb577\" data-id=\"4acb577\" data-element_type=\"column\" data-settings=\"{&quot;background_background&quot;:&quot;classic&quot;}\">\n\t\t\t<div class=\"elementor-widget-wrap\">\n\t\t\t\t\t\t\t\t\t<\/div>\n\t\t<\/main>\n\t\t\t\t<main class=\"elementor-column elementor-col-33 elementor-top-column elementor-element elementor-element-8d27b3e\" data-id=\"8d27b3e\" data-element_type=\"column\">\n\t\t\t<div class=\"elementor-widget-wrap elementor-element-populated\">\n\t\t\t\t\t\t\t\t<div class=\"elementor-element elementor-element-2e6a47d elementor-widget__width-inherit elementor-widget elementor-widget-image\" data-id=\"2e6a47d\" data-element_type=\"widget\" data-widget_type=\"image.default\">\n\t\t\t\t<div class=\"elementor-widget-container\">\n\t\t\t\t\t\t\t\t\t\t\t\t\t\t\t<img decoding=\"async\" width=\"1024\" height=\"441\" src=\"https:\/\/michaelravin.com\/wp-content\/uploads\/2022\/07\/BIENTOT_MR_ROUGE-1024x441.png\" class=\"attachment-large size-large wp-image-83\" alt=\"\" loading=\"lazy\" srcset=\"https:\/\/michaelravin.com\/wp-content\/uploads\/2022\/07\/BIENTOT_MR_ROUGE-1024x441.png 1024w, https:\/\/michaelravin.com\/wp-content\/uploads\/2022\/07\/BIENTOT_MR_ROUGE-300x129.png 300w, https:\/\/michaelravin.com\/wp-content\/uploads\/2022\/07\/BIENTOT_MR_ROUGE-768x331.png 768w, https:\/\/michaelravin.com\/wp-content\/uploads\/2022\/07\/BIENTOT_MR_ROUGE-1200x518.png 1200w, https:\/\/michaelravin.com\/wp-content\/uploads\/2022\/07\/BIENTOT_MR_ROUGE.png 1203w\" sizes=\"(max-width: 1024px) 100vw, 1024px\" \/>\t\t\t\t\t\t\t\t\t\t\t\t\t\t\t<\/div>\n\t\t\t\t<\/div>\n\t\t\t\t<div class=\"elementor-element elementor-element-bbc2e03 elementor-button-align-center elementor-widget__width-inherit elementor-widget elementor-widget-login\" data-id=\"bbc2e03\" data-element_type=\"widget\" data-widget_type=\"login.default\">\n\t\t\t\t<div class=\"elementor-widget-container\">\n\t\t\t\t\t<form class=\"elementor-login elementor-form\" method=\"post\" action=\"https:\/\/michaelravin.com\/wp-login.php\">\n\t\t\t<input type=\"hidden\" name=\"redirect_to\" value=\"https:\/\/michaelravin.com\/?page_id=280\">\n\t\t\t<div class=\"elementor-form-fields-wrapper\">\n\t\t\t\t<div class=\"elementor-field-type-text elementor-field-group elementor-column elementor-col-100 elementor-field-required\">\n\t\t\t\t\t\t\t\t\t\t<input size=\"1\" type=\"text\" name=\"log\" id=\"user\" placeholder=\"E-mail \" class=\"elementor-field elementor-field-textual elementor-size-sm\">\n\t\t\t\t<\/div>\n\t\t\t\t<div class=\"elementor-field-type-text elementor-field-group elementor-column elementor-col-100 elementor-field-required\">\n\t\t\t\t\t\t\t\t\t\t<input size=\"1\" type=\"password\" name=\"pwd\" id=\"password\" placeholder=\"Mot de Passe\" class=\"elementor-field elementor-field-textual elementor-size-sm\">\n\t\t\t\t<\/div>\n\n\t\t\t\t\n\t\t\t\t<div class=\"elementor-field-group elementor-column elementor-field-type-submit elementor-col-100\">\n\t\t\t\t\t<button type=\"submit\" class=\"elementor-size-sm elementor-button\" name=\"wp-submit\">\n\t\t\t\t\t\t\t\t\t\t\t\t\t\t\t<span class=\"elementor-button-text\">ENTRER<\/span>\n\t\t\t\t\t\t\t\t\t\t\t\t<\/button>\n\t\t\t\t<\/div>\n\n\t\t\t\t\t\t\t<\/div>\n\t\t<\/form>\n\t\t\t\t<\/div>\n\t\t\t\t<\/div>\n\t\t\t\t\t<\/div>\n\t\t<\/main>\n\t\t\t\t<div class=\"elementor-column elementor-col-33 elementor-top-column elementor-element elementor-element-92f8320\" data-id=\"92f8320\" data-element_type=\"column\">\n\t\t\t<div class=\"elementor-widget-wrap\">\n\t\t\t\t\t\t\t\t\t<\/div>\n\t\t<\/div>\n\t\t\t\t\t\t\t<\/div>\n\t\t<\/main>\n\t\t\t\t<main class=\"elementor-section elementor-top-section elementor-element elementor-element-2ed88d7 elementor-section-content-middle elementor-section-full_width elementor-section-stretched elementor-hidden-desktop elementor-hidden-mobile elementor-section-height-default elementor-section-height-default\" data-id=\"2ed88d7\" data-element_type=\"section\" data-settings=\"{&quot;background_background&quot;:&quot;classic&quot;,&quot;stretch_section&quot;:&quot;section-stretched&quot;}\">\n\t\t\t\t\t\t\t<div class=\"elementor-background-overlay\"><\/div>\n\t\t\t\t\t\t\t<div class=\"elementor-container elementor-column-gap-no\">\n\t\t\t\t\t<main class=\"elementor-column elementor-col-50 elementor-top-column elementor-element elementor-element-2822327\" data-id=\"2822327\" data-element_type=\"column\" data-settings=\"{&quot;background_background&quot;:&quot;classic&quot;}\">\n\t\t\t<div class=\"elementor-widget-wrap\">\n\t\t\t\t\t\t\t\t\t<\/div>\n\t\t<\/main>\n\t\t\t\t<main class=\"elementor-column elementor-col-50 elementor-top-column elementor-element elementor-element-2ec58e5\" data-id=\"2ec58e5\" data-element_type=\"column\">\n\t\t\t<div class=\"elementor-widget-wrap elementor-element-populated\">\n\t\t\t\t\t\t\t\t<div class=\"elementor-element elementor-element-85e18f0 elementor-widget__width-inherit elementor-widget elementor-widget-image\" data-id=\"85e18f0\" data-element_type=\"widget\" data-widget_type=\"image.default\">\n\t\t\t\t<div class=\"elementor-widget-container\">\n\t\t\t\t\t\t\t\t\t\t\t\t\t\t\t<img decoding=\"async\" width=\"1024\" height=\"441\" src=\"https:\/\/michaelravin.com\/wp-content\/uploads\/2022\/07\/BIENTOT_MR_ROUGE-1024x441.png\" class=\"attachment-large size-large wp-image-83\" alt=\"\" loading=\"lazy\" srcset=\"https:\/\/michaelravin.com\/wp-content\/uploads\/2022\/07\/BIENTOT_MR_ROUGE-1024x441.png 1024w, https:\/\/michaelravin.com\/wp-content\/uploads\/2022\/07\/BIENTOT_MR_ROUGE-300x129.png 300w, https:\/\/michaelravin.com\/wp-content\/uploads\/2022\/07\/BIENTOT_MR_ROUGE-768x331.png 768w, https:\/\/michaelravin.com\/wp-content\/uploads\/2022\/07\/BIENTOT_MR_ROUGE-1200x518.png 1200w, https:\/\/michaelravin.com\/wp-content\/uploads\/2022\/07\/BIENTOT_MR_ROUGE.png 1203w\" sizes=\"(max-width: 1024px) 100vw, 1024px\" \/>\t\t\t\t\t\t\t\t\t\t\t\t\t\t\t<\/div>\n\t\t\t\t<\/div>\n\t\t\t\t<div class=\"elementor-element elementor-element-b37e5e3 elementor-button-align-center elementor-widget__width-inherit elementor-widget elementor-widget-login\" data-id=\"b37e5e3\" data-element_type=\"widget\" data-widget_type=\"login.default\">\n\t\t\t\t<div class=\"elementor-widget-container\">\n\t\t\t\t\t<form class=\"elementor-login elementor-form\" method=\"post\" action=\"https:\/\/michaelravin.com\/wp-login.php\">\n\t\t\t<input type=\"hidden\" name=\"redirect_to\" value=\"https:\/\/michaelravin.com\/?page_id=280\">\n\t\t\t<div class=\"elementor-form-fields-wrapper\">\n\t\t\t\t<div class=\"elementor-field-type-text elementor-field-group elementor-column elementor-col-100 elementor-field-required\">\n\t\t\t\t\t\t\t\t\t\t<input size=\"1\" type=\"text\" name=\"log\" id=\"user\" placeholder=\"E-mail \" class=\"elementor-field elementor-field-textual elementor-size-sm\">\n\t\t\t\t<\/div>\n\t\t\t\t<div class=\"elementor-field-type-text elementor-field-group elementor-column elementor-col-100 elementor-field-required\">\n\t\t\t\t\t\t\t\t\t\t<input size=\"1\" type=\"password\" name=\"pwd\" id=\"password\" placeholder=\"Mot de Passe\" class=\"elementor-field elementor-field-textual elementor-size-sm\">\n\t\t\t\t<\/div>\n\n\t\t\t\t\n\t\t\t\t<div class=\"elementor-field-group elementor-column elementor-field-type-submit elementor-col-100\">\n\t\t\t\t\t<button type=\"submit\" class=\"elementor-size-sm elementor-button\" name=\"wp-submit\">\n\t\t\t\t\t\t\t\t\t\t\t\t\t\t\t<span class=\"elementor-button-text\">ENTRER<\/span>\n\t\t\t\t\t\t\t\t\t\t\t\t<\/button>\n\t\t\t\t<\/div>\n\n\t\t\t\t\t\t\t<\/div>\n\t\t<\/form>\n\t\t\t\t<\/div>\n\t\t\t\t<\/div>\n\t\t\t\t\t<\/div>\n\t\t<\/main>\n\t\t\t\t\t\t\t<\/div>\n\t\t<\/main>\n\t\t\t\t\t\t\t<\/div>\n\t\t","protected":false},"excerpt":{"rendered":"","protected":false},"author":1,"featured_media":0,"parent":0,"menu_order":0,"comment_status":"closed","ping_status":"closed","template":"elementor_canvas","meta":{"_coblocks_attr":"","_coblocks_dimensions":"","_coblocks_responsive_height":"","_coblocks_accordion_ie_support":""},"yoast_head":"<!-- This site is optimized with the Yoast SEO plugin v20.8 - https:\/\/yoast.com\/wordpress\/plugins\/seo\/ -->\n<title>Connexion - MICHAEL RAVIN<\/title>\n<meta name=\"description\" content=\"Des lunettes originales et uniques fa\u00e7onn\u00e9es par un Artisan Lunetier-Cr\u00e9ateur passionn\u00e9 et inspir\u00e9 !\" \/>\n<meta name=\"robots\" content=\"index, follow, max-snippet:-1, max-image-preview:large, max-video-preview:-1\" \/>\n<link rel=\"canonical\" href=\"https:\/\/michaelravin.com\/\" \/>\n<meta property=\"og:locale\" content=\"fr_FR\" \/>\n<meta property=\"og:type\" content=\"article\" \/>\n<meta property=\"og:title\" content=\"Connexion - MICHAEL RAVIN\" \/>\n<meta property=\"og:description\" content=\"Des lunettes originales et uniques fa\u00e7onn\u00e9es par un Artisan Lunetier-Cr\u00e9ateur passionn\u00e9 et inspir\u00e9 !\" \/>\n<meta property=\"og:url\" content=\"https:\/\/michaelravin.com\/\" \/>\n<meta property=\"og:site_name\" content=\"MICHAEL RAVIN\" \/>\n<meta property=\"article:modified_time\" content=\"2023-04-03T05:58:53+00:00\" \/>\n<meta property=\"og:image\" content=\"https:\/\/michaelravin.com\/wp-content\/uploads\/2022\/07\/BIENTOT_MR_ROUGE-1024x441.png\" \/>\n<meta name=\"twitter:card\" content=\"summary_large_image\" \/>\n<meta name=\"twitter:label1\" content=\"Dur\u00e9e de lecture estim\u00e9e\" \/>\n\t<meta name=\"twitter:data1\" content=\"1 minute\" \/>\n<script type=\"application\/ld+json\" class=\"yoast-schema-graph\">{\"@context\":\"https:\/\/schema.org\",\"@graph\":[{\"@type\":\"WebPage\",\"@id\":\"https:\/\/michaelravin.com\/\",\"url\":\"https:\/\/michaelravin.com\/\",\"name\":\"Connexion - MICHAEL RAVIN\",\"isPartOf\":{\"@id\":\"https:\/\/michaelravin.com\/#website\"},\"datePublished\":\"2022-07-24T05:51:17+00:00\",\"dateModified\":\"2023-04-03T05:58:53+00:00\",\"description\":\"Des lunettes originales et uniques fa\u00e7onn\u00e9es par un Artisan Lunetier-Cr\u00e9ateur passionn\u00e9 et inspir\u00e9 !\",\"breadcrumb\":{\"@id\":\"https:\/\/michaelravin.com\/#breadcrumb\"},\"inLanguage\":\"fr-FR\",\"potentialAction\":[{\"@type\":\"ReadAction\",\"target\":[\"https:\/\/michaelravin.com\/\"]}]},{\"@type\":\"BreadcrumbList\",\"@id\":\"https:\/\/michaelravin.com\/#breadcrumb\",\"itemListElement\":[{\"@type\":\"ListItem\",\"position\":1,\"name\":\"Home\",\"item\":\"https:\/\/michaelravin.com\/\"},{\"@type\":\"ListItem\",\"position\":2,\"name\":\"Connexion\"}]},{\"@type\":\"WebSite\",\"@id\":\"https:\/\/michaelravin.com\/#website\",\"url\":\"https:\/\/michaelravin.com\/\",\"name\":\"MICHAEL RAVIN\",\"description\":\"LUNETIER CREATEUR\",\"publisher\":{\"@id\":\"https:\/\/michaelravin.com\/#organization\"},\"potentialAction\":[{\"@type\":\"SearchAction\",\"target\":{\"@type\":\"EntryPoint\",\"urlTemplate\":\"https:\/\/michaelravin.com\/?s={search_term_string}\"},\"query-input\":\"required name=search_term_string\"}],\"inLanguage\":\"fr-FR\"},{\"@type\":\"Organization\",\"@id\":\"https:\/\/michaelravin.com\/#organization\",\"name\":\"MICHAEL RAVIN\",\"url\":\"https:\/\/michaelravin.com\/\",\"logo\":{\"@type\":\"ImageObject\",\"inLanguage\":\"fr-FR\",\"@id\":\"https:\/\/michaelravin.com\/#\/schema\/logo\/image\/\",\"url\":\"https:\/\/michaelravin.com\/wp-content\/uploads\/2022\/07\/BIENTOT_MR_ROUGE.png\",\"contentUrl\":\"https:\/\/michaelravin.com\/wp-content\/uploads\/2022\/07\/BIENTOT_MR_ROUGE.png\",\"width\":1203,\"height\":518,\"caption\":\"MICHAEL RAVIN\"},\"image\":{\"@id\":\"https:\/\/michaelravin.com\/#\/schema\/logo\/image\/\"}}]}<\/script>\n<!-- \/ Yoast SEO plugin. -->","yoast_head_json":{"title":"Connexion - MICHAEL RAVIN","description":"Des lunettes originales et uniques fa\u00e7onn\u00e9es par un Artisan Lunetier-Cr\u00e9ateur passionn\u00e9 et inspir\u00e9 !","robots":{"index":"index","follow":"follow","max-snippet":"max-snippet:-1","max-image-preview":"max-image-preview:large","max-video-preview":"max-video-preview:-1"},"canonical":"https:\/\/michaelravin.com\/","og_locale":"fr_FR","og_type":"article","og_title":"Connexion - MICHAEL RAVIN","og_description":"Des lunettes originales et uniques fa\u00e7onn\u00e9es par un Artisan Lunetier-Cr\u00e9ateur passionn\u00e9 et inspir\u00e9 !","og_url":"https:\/\/michaelravin.com\/","og_site_name":"MICHAEL RAVIN","article_modified_time":"2023-04-03T05:58:53+00:00","og_image":[{"url":"https:\/\/michaelravin.com\/wp-content\/uploads\/2022\/07\/BIENTOT_MR_ROUGE-1024x441.png"}],"twitter_card":"summary_large_image","twitter_misc":{"Dur\u00e9e de lecture estim\u00e9e":"1 minute"},"schema":{"@context":"https:\/\/schema.org","@graph":[{"@type":"WebPage","@id":"https:\/\/michaelravin.com\/","url":"https:\/\/michaelravin.com\/","name":"Connexion - MICHAEL RAVIN","isPartOf":{"@id":"https:\/\/michaelravin.com\/#website"},"datePublished":"2022-07-24T05:51:17+00:00","dateModified":"2023-04-03T05:58:53+00:00","description":"Des lunettes originales et uniques fa\u00e7onn\u00e9es par un Artisan Lunetier-Cr\u00e9ateur passionn\u00e9 et inspir\u00e9 !","breadcrumb":{"@id":"https:\/\/michaelravin.com\/#breadcrumb"},"inLanguage":"fr-FR","potentialAction":[{"@type":"ReadAction","target":["https:\/\/michaelravin.com\/"]}]},{"@type":"BreadcrumbList","@id":"https:\/\/michaelravin.com\/#breadcrumb","itemListElement":[{"@type":"ListItem","position":1,"name":"Home","item":"https:\/\/michaelravin.com\/"},{"@type":"ListItem","position":2,"name":"Connexion"}]},{"@type":"WebSite","@id":"https:\/\/michaelravin.com\/#website","url":"https:\/\/michaelravin.com\/","name":"MICHAEL RAVIN","description":"LUNETIER CREATEUR","publisher":{"@id":"https:\/\/michaelravin.com\/#organization"},"potentialAction":[{"@type":"SearchAction","target":{"@type":"EntryPoint","urlTemplate":"https:\/\/michaelravin.com\/?s={search_term_string}"},"query-input":"required name=search_term_string"}],"inLanguage":"fr-FR"},{"@type":"Organization","@id":"https:\/\/michaelravin.com\/#organization","name":"MICHAEL RAVIN","url":"https:\/\/michaelravin.com\/","logo":{"@type":"ImageObject","inLanguage":"fr-FR","@id":"https:\/\/michaelravin.com\/#\/schema\/logo\/image\/","url":"https:\/\/michaelravin.com\/wp-content\/uploads\/2022\/07\/BIENTOT_MR_ROUGE.png","contentUrl":"https:\/\/michaelravin.com\/wp-content\/uploads\/2022\/07\/BIENTOT_MR_ROUGE.png","width":1203,"height":518,"caption":"MICHAEL RAVIN"},"image":{"@id":"https:\/\/michaelravin.com\/#\/schema\/logo\/image\/"}}]}},"_links":{"self":[{"href":"https:\/\/michaelravin.com\/index.php?rest_route=\/wp\/v2\/pages\/19"}],"collection":[{"href":"https:\/\/michaelravin.com\/index.php?rest_route=\/wp\/v2\/pages"}],"about":[{"href":"https:\/\/michaelravin.com\/index.php?rest_route=\/wp\/v2\/types\/page"}],"author":[{"embeddable":true,"href":"https:\/\/michaelravin.com\/index.php?rest_route=\/wp\/v2\/users\/1"}],"replies":[{"embeddable":true,"href":"https:\/\/michaelravin.com\/index.php?rest_route=%2Fwp%2Fv2%2Fcomments&post=19"}],"version-history":[{"count":194,"href":"https:\/\/michaelravin.com\/index.php?rest_route=\/wp\/v2\/pages\/19\/revisions"}],"predecessor-version":[{"id":4587,"href":"https:\/\/michaelravin.com\/index.php?rest_route=\/wp\/v2\/pages\/19\/revisions\/4587"}],"wp:attachment":[{"href":"https:\/\/michaelravin.com\/index.php?rest_route=%2Fwp%2Fv2%2Fmedia&parent=19"}],"curies":[{"name":"wp","href":"https:\/\/api.w.org\/{rel}","templated":true}]}}